{"id":766,"date":"2022-01-14T14:46:07","date_gmt":"2022-01-14T14:46:07","guid":{"rendered":"https:\/\/elpalomardejose.com\/sobre-en-jose\/"},"modified":"2022-03-08T12:53:54","modified_gmt":"2022-03-08T12:53:54","slug":"sobre-jose","status":"publish","type":"page","link":"https:\/\/elpalomardejose.com\/ca\/sobre-jose\/","title":{"rendered":"Sobre en Jose"},"content":{"rendered":"\t\t<div data-elementor-type=\"wp-page\" data-elementor-id=\"766\" class=\"elementor elementor-766 elementor-214\" data-elementor-post-type=\"page\">\n\t\t\t\t\t\t<section class=\"elementor-section elementor-top-section elementor-element elementor-element-93a49e2 elementor-section-height-full elementor-section-items-bottom elementor-section-boxed elementor-section-height-default\" data-id=\"93a49e2\" data-element_type=\"section\" data-e-type=\"section\" data-settings=\"{&quot;background_background&quot;:&quot;classic&quot;}\">\n\t\t\t\t\t\t<div class=\"elementor-container elementor-column-gap-default\">\n\t\t\t\t\t<div class=\"elementor-column elementor-col-100 elementor-top-column elementor-element elementor-element-11bfd2e\" data-id=\"11bfd2e\" data-element_type=\"column\" data-e-type=\"column\">\n\t\t\t<div class=\"elementor-widget-wrap elementor-element-populated\">\n\t\t\t\t\t\t<div class=\"elementor-element elementor-element-a9168cd elementor-widget elementor-widget-spacer\" data-id=\"a9168cd\" data-element_type=\"widget\" data-e-type=\"widget\" data-widget_type=\"spacer.default\">\n\t\t\t\t<div class=\"elementor-widget-container\">\n\t\t\t\t\t\t\t<div class=\"elementor-spacer\">\n\t\t\t<div class=\"elementor-spacer-inner\"><\/div>\n\t\t<\/div>\n\t\t\t\t\t\t<\/div>\n\t\t\t\t<\/div>\n\t\t\t\t<div class=\"elementor-element elementor-element-2cdbe9f animated-slow elementor-invisible elementor-widget elementor-widget-image\" data-id=\"2cdbe9f\" data-element_type=\"widget\" data-e-type=\"widget\" data-settings=\"{&quot;motion_fx_motion_fx_scrolling&quot;:&quot;yes&quot;,&quot;motion_fx_translateX_effect&quot;:&quot;yes&quot;,&quot;_animation&quot;:&quot;fadeInRight&quot;,&quot;motion_fx_translateX_speed&quot;:{&quot;unit&quot;:&quot;px&quot;,&quot;size&quot;:4,&quot;sizes&quot;:[]},&quot;motion_fx_translateX_affectedRange&quot;:{&quot;unit&quot;:&quot;%&quot;,&quot;size&quot;:&quot;&quot;,&quot;sizes&quot;:{&quot;start&quot;:0,&quot;end&quot;:100}},&quot;motion_fx_devices&quot;:[&quot;desktop&quot;,&quot;tablet&quot;,&quot;mobile&quot;]}\" data-widget_type=\"image.default\">\n\t\t\t\t<div class=\"elementor-widget-container\">\n\t\t\t\t\t\t\t\t\t\t\t\t\t\t\t<img fetchpriority=\"high\" decoding=\"async\" width=\"750\" height=\"701\" src=\"https:\/\/elpalomardejose.com\/wp-content\/uploads\/Sobre-Jose.gif\" class=\"attachment-large size-large wp-image-724\" alt=\"\" \/>\t\t\t\t\t\t\t\t\t\t\t\t\t\t\t<\/div>\n\t\t\t\t<\/div>\n\t\t\t\t\t<\/div>\n\t\t<\/div>\n\t\t\t\t\t<\/div>\n\t\t<\/section>\n\t\t\t\t<section class=\"elementor-section elementor-top-section elementor-element elementor-element-6afa1ee elementor-section-content-middle elementor-section-boxed elementor-section-height-default elementor-section-height-default\" data-id=\"6afa1ee\" data-element_type=\"section\" data-e-type=\"section\" data-settings=\"{&quot;background_background&quot;:&quot;classic&quot;}\">\n\t\t\t\t\t\t<div class=\"elementor-container elementor-column-gap-wider\">\n\t\t\t\t\t<div class=\"elementor-column elementor-col-50 elementor-top-column elementor-element elementor-element-04f293e\" data-id=\"04f293e\" data-element_type=\"column\" data-e-type=\"column\">\n\t\t\t<div class=\"elementor-widget-wrap elementor-element-populated\">\n\t\t\t\t\t\t<div class=\"elementor-element elementor-element-5b7a550 elementor-widget elementor-widget-heading\" data-id=\"5b7a550\" data-element_type=\"widget\" data-e-type=\"widget\" data-widget_type=\"heading.default\">\n\t\t\t\t<div class=\"elementor-widget-container\">\n\t\t\t\t\t<h2 class=\"elementor-heading-title elementor-size-default\">Hola, s\u00f3c en Jose \ud83d\udc4b<\/h2>\t\t\t\t<\/div>\n\t\t\t\t<\/div>\n\t\t\t\t<div class=\"elementor-element elementor-element-36f831c elementor-widget elementor-widget-text-editor\" data-id=\"36f831c\" data-element_type=\"widget\" data-e-type=\"widget\" data-widget_type=\"text-editor.default\">\n\t\t\t\t<div class=\"elementor-widget-container\">\n\t\t\t\t\t\t\t\t\t<div class=\"page\" title=\"Page 4\">\n<div class=\"layoutArea\">\n<div class=\"column\">\n<p>&#8220;I visc a un Palomar del Raval. M&#8217;agrada anar amb bici, i menjar, i viatjar. I he treballat de paleta, i de repartidor i d&#8217;escombrariaire. Em despla\u00e7o caminant, vaig m\u00e9s lent, per\u00f2 ho gaudeixo molt, a vegades corro, llavors vaig m\u00e9s de pressa, per\u00f2 em canso m\u00e9s.<\/p>\n<p>Estimo el cinema, a Coppola, a Scorsese, a de Palma, tamb\u00e9 a Anderson, als Coen, a Gilliam, a Farhadi, tamb\u00e9 a del Toro, a Urbizu, a de la Iglesia, vaja, que estimo el cinema.<\/p>\n<p>Gaudeixo del teatre i de les s\u00e8ries, de les exposicions i del circ, dels concerts i de l&#8217;arquitectura, dels podcast i dels parcs.<\/p>\n<p>Tinc amigues i tinc amics, tinc germanes, no tinc germans. Tinc una masia a la muntanya amb els meus amics i les meves amigues, hi ha amigues i amics que viuen lluny, m&#8217;agrada visitar-los i m&#8217;agrada que em visitin.<\/p>\n<p>Tamb\u00e9 treballo, des de fa un temps pel meu compte, abans per a altres persones. El meu treball m&#8217;agrada, encara que de vegades no, per\u00f2 aix\u00f2 \u00e9s normal, no?<\/p>\n<p>Gr\u00e0cies per passar-vos pel Palomar, sentiu-vos com a casa vostra, passegeu per on vulgueu i agafeu el que necessiteu, per a qualsevol dubte, ja sabeu on estic, al Palomar de Jose&#8221;<\/p>\n<\/div>\n<\/div>\n<\/div>\n\t\t\t\t\t\t\t\t<\/div>\n\t\t\t\t<\/div>\n\t\t\t\t<div class=\"elementor-element elementor-element-e5116a9 elementor-align-left elementor-widget elementor-widget-button\" data-id=\"e5116a9\" data-element_type=\"widget\" data-e-type=\"widget\" data-widget_type=\"button.default\">\n\t\t\t\t<div class=\"elementor-widget-container\">\n\t\t\t\t\t\t\t\t\t<div class=\"elementor-button-wrapper\">\n\t\t\t\t\t<a class=\"elementor-button elementor-button-link elementor-size-xs\" href=\"https:\/\/elpalomardejose.com\/ca\/timeline\/\">\n\t\t\t\t\t\t<span class=\"elementor-button-content-wrapper\">\n\t\t\t\t\t\t\t\t\t<span class=\"elementor-button-text\">Descobreix la meva traject\u00f2ria<\/span>\n\t\t\t\t\t<\/span>\n\t\t\t\t\t<\/a>\n\t\t\t\t<\/div>\n\t\t\t\t\t\t\t\t<\/div>\n\t\t\t\t<\/div>\n\t\t\t\t\t<\/div>\n\t\t<\/div>\n\t\t\t\t<div class=\"elementor-column elementor-col-50 elementor-top-column elementor-element elementor-element-9e1ca5d\" data-id=\"9e1ca5d\" data-element_type=\"column\" data-e-type=\"column\">\n\t\t\t<div class=\"elementor-widget-wrap elementor-element-populated\">\n\t\t\t\t\t\t<div class=\"elementor-element elementor-element-1a5f788 elementor-widget elementor-widget-image\" data-id=\"1a5f788\" data-element_type=\"widget\" data-e-type=\"widget\" data-widget_type=\"image.default\">\n\t\t\t\t<div class=\"elementor-widget-container\">\n\t\t\t\t\t\t\t\t\t\t\t\t\t\t\t<img decoding=\"async\" width=\"768\" height=\"563\" src=\"https:\/\/elpalomardejose.com\/wp-content\/uploads\/ElPalomar-AboutMe.png\" class=\"attachment-large size-large wp-image-696\" alt=\"\" \/>\t\t\t\t\t\t\t\t\t\t\t\t\t\t\t<\/div>\n\t\t\t\t<\/div>\n\t\t\t\t\t<\/div>\n\t\t<\/div>\n\t\t\t\t\t<\/div>\n\t\t<\/section>\n\t\t\t\t<\/div>\n\t\t","protected":false},"excerpt":{"rendered":"<p>Hola, s\u00f3c en Jose \ud83d\udc4b &#8220;I visc a un Palomar del Raval. M&#8217;agrada anar amb bici, i menjar, i viatjar. I he treballat de paleta, i de repartidor i d&#8217;escombrariaire. Em despla\u00e7o caminant, vaig m\u00e9s lent, per\u00f2 ho gaudeixo molt, a vegades corro, llavors vaig m\u00e9s de pressa, per\u00f2 em canso m\u00e9s. Estimo el cinema, [&hellip;]<\/p>\n","protected":false},"author":1,"featured_media":0,"parent":0,"menu_order":0,"comment_status":"closed","ping_status":"closed","template":"","meta":{"footnotes":""},"class_list":["post-766","page","type-page","status-publish","hentry"],"yoast_head":"<!-- This site is optimized with the Yoast SEO plugin v27.4 - https:\/\/yoast.com\/product\/yoast-seo-wordpress\/ -->\n<title>Sobre en Jose - El Palomar de Jose<\/title>\n<meta name=\"robots\" content=\"index, follow, max-snippet:-1, max-image-preview:large, max-video-preview:-1\" \/>\n<link rel=\"canonical\" href=\"https:\/\/elpalomardejose.com\/ca\/sobre-jose\/\" \/>\n<meta property=\"og:locale\" content=\"ca_ES\" \/>\n<meta property=\"og:type\" content=\"article\" \/>\n<meta property=\"og:title\" content=\"Sobre en Jose - El Palomar de Jose\" \/>\n<meta property=\"og:description\" content=\"Hola, s\u00f3c en Jose \ud83d\udc4b &#8220;I visc a un Palomar del Raval. M&#8217;agrada anar amb bici, i menjar, i viatjar. I he treballat de paleta, i de repartidor i d&#8217;escombrariaire. Em despla\u00e7o caminant, vaig m\u00e9s lent, per\u00f2 ho gaudeixo molt, a vegades corro, llavors vaig m\u00e9s de pressa, per\u00f2 em canso m\u00e9s. Estimo el cinema, [&hellip;]\" \/>\n<meta property=\"og:url\" content=\"https:\/\/elpalomardejose.com\/ca\/sobre-jose\/\" \/>\n<meta property=\"og:site_name\" content=\"El Palomar de Jose\" \/>\n<meta property=\"article:publisher\" content=\"https:\/\/www.facebook.com\/jota.alonso\" \/>\n<meta property=\"article:modified_time\" content=\"2022-03-08T12:53:54+00:00\" \/>\n<meta property=\"og:image\" content=\"https:\/\/elpalomardejose.com\/wp-content\/uploads\/Sobre-Jose.gif\" \/>\n<meta name=\"twitter:card\" content=\"summary_large_image\" \/>\n<meta name=\"twitter:site\" content=\"@enelpalomar\" \/>\n<meta name=\"twitter:label1\" content=\"Temps estimat de lectura\" \/>\n\t<meta name=\"twitter:data1\" content=\"3 minuts\" \/>\n<script type=\"application\/ld+json\" class=\"yoast-schema-graph\">{\"@context\":\"https:\\\/\\\/schema.org\",\"@graph\":[{\"@type\":\"WebPage\",\"@id\":\"https:\\\/\\\/elpalomardejose.com\\\/ca\\\/sobre-jose\\\/\",\"url\":\"https:\\\/\\\/elpalomardejose.com\\\/ca\\\/sobre-jose\\\/\",\"name\":\"Sobre en Jose - El Palomar de Jose\",\"isPartOf\":{\"@id\":\"https:\\\/\\\/elpalomardejose.com\\\/ca\\\/#website\"},\"primaryImageOfPage\":{\"@id\":\"https:\\\/\\\/elpalomardejose.com\\\/ca\\\/sobre-jose\\\/#primaryimage\"},\"image\":{\"@id\":\"https:\\\/\\\/elpalomardejose.com\\\/ca\\\/sobre-jose\\\/#primaryimage\"},\"thumbnailUrl\":\"https:\\\/\\\/elpalomardejose.com\\\/wp-content\\\/uploads\\\/Sobre-Jose.gif\",\"datePublished\":\"2022-01-14T14:46:07+00:00\",\"dateModified\":\"2022-03-08T12:53:54+00:00\",\"breadcrumb\":{\"@id\":\"https:\\\/\\\/elpalomardejose.com\\\/ca\\\/sobre-jose\\\/#breadcrumb\"},\"inLanguage\":\"ca\",\"potentialAction\":[{\"@type\":\"ReadAction\",\"target\":[\"https:\\\/\\\/elpalomardejose.com\\\/ca\\\/sobre-jose\\\/\"]}]},{\"@type\":\"ImageObject\",\"inLanguage\":\"ca\",\"@id\":\"https:\\\/\\\/elpalomardejose.com\\\/ca\\\/sobre-jose\\\/#primaryimage\",\"url\":\"https:\\\/\\\/elpalomardejose.com\\\/wp-content\\\/uploads\\\/Sobre-Jose.gif\",\"contentUrl\":\"https:\\\/\\\/elpalomardejose.com\\\/wp-content\\\/uploads\\\/Sobre-Jose.gif\"},{\"@type\":\"BreadcrumbList\",\"@id\":\"https:\\\/\\\/elpalomardejose.com\\\/ca\\\/sobre-jose\\\/#breadcrumb\",\"itemListElement\":[{\"@type\":\"ListItem\",\"position\":1,\"name\":\"Portada\",\"item\":\"https:\\\/\\\/elpalomardejose.com\\\/ca\\\/\"},{\"@type\":\"ListItem\",\"position\":2,\"name\":\"Sobre en Jose\"}]},{\"@type\":\"WebSite\",\"@id\":\"https:\\\/\\\/elpalomardejose.com\\\/ca\\\/#website\",\"url\":\"https:\\\/\\\/elpalomardejose.com\\\/ca\\\/\",\"name\":\"El Palomar de Jose\",\"description\":\"Orientaci\u00f3n laboral y acad\u00e9mica y Consultor\u00eda de proyectos\",\"publisher\":{\"@id\":\"https:\\\/\\\/elpalomardejose.com\\\/ca\\\/#\\\/schema\\\/person\\\/9af63279e69474050cad832775c28282\"},\"potentialAction\":[{\"@type\":\"SearchAction\",\"target\":{\"@type\":\"EntryPoint\",\"urlTemplate\":\"https:\\\/\\\/elpalomardejose.com\\\/ca\\\/?s={search_term_string}\"},\"query-input\":{\"@type\":\"PropertyValueSpecification\",\"valueRequired\":true,\"valueName\":\"search_term_string\"}}],\"inLanguage\":\"ca\"},{\"@type\":[\"Person\",\"Organization\"],\"@id\":\"https:\\\/\\\/elpalomardejose.com\\\/ca\\\/#\\\/schema\\\/person\\\/9af63279e69474050cad832775c28282\",\"name\":\"Jose Alonso\",\"image\":{\"@type\":\"ImageObject\",\"inLanguage\":\"ca\",\"@id\":\"https:\\\/\\\/elpalomardejose.com\\\/wp-content\\\/uploads\\\/ElPalomar-AboutMe.png\",\"url\":\"https:\\\/\\\/elpalomardejose.com\\\/wp-content\\\/uploads\\\/ElPalomar-AboutMe.png\",\"contentUrl\":\"https:\\\/\\\/elpalomardejose.com\\\/wp-content\\\/uploads\\\/ElPalomar-AboutMe.png\",\"width\":768,\"height\":563,\"caption\":\"Jose Alonso\"},\"logo\":{\"@id\":\"https:\\\/\\\/elpalomardejose.com\\\/wp-content\\\/uploads\\\/ElPalomar-AboutMe.png\"},\"sameAs\":[\"https:\\\/\\\/elpalomardejose.com\\\/\",\"https:\\\/\\\/www.facebook.com\\\/jota.alonso\",\"https:\\\/\\\/www.instagram.com\\\/enelpalomar\\\/\",\"https:\\\/\\\/www.linkedin.com\\\/in\\\/jose-alonso-represa-43193510\\\/\",\"https:\\\/\\\/x.com\\\/enelpalomar\"]}]}<\/script>\n<!-- \/ Yoast SEO plugin. -->","yoast_head_json":{"title":"Sobre en Jose - El Palomar de Jose","robots":{"index":"index","follow":"follow","max-snippet":"max-snippet:-1","max-image-preview":"max-image-preview:large","max-video-preview":"max-video-preview:-1"},"canonical":"https:\/\/elpalomardejose.com\/ca\/sobre-jose\/","og_locale":"ca_ES","og_type":"article","og_title":"Sobre en Jose - El Palomar de Jose","og_description":"Hola, s\u00f3c en Jose \ud83d\udc4b &#8220;I visc a un Palomar del Raval. M&#8217;agrada anar amb bici, i menjar, i viatjar. I he treballat de paleta, i de repartidor i d&#8217;escombrariaire. Em despla\u00e7o caminant, vaig m\u00e9s lent, per\u00f2 ho gaudeixo molt, a vegades corro, llavors vaig m\u00e9s de pressa, per\u00f2 em canso m\u00e9s. Estimo el cinema, [&hellip;]","og_url":"https:\/\/elpalomardejose.com\/ca\/sobre-jose\/","og_site_name":"El Palomar de Jose","article_publisher":"https:\/\/www.facebook.com\/jota.alonso","article_modified_time":"2022-03-08T12:53:54+00:00","og_image":[{"url":"https:\/\/elpalomardejose.com\/wp-content\/uploads\/Sobre-Jose.gif","type":"","width":"","height":""}],"twitter_card":"summary_large_image","twitter_site":"@enelpalomar","twitter_misc":{"Temps estimat de lectura":"3 minuts"},"schema":{"@context":"https:\/\/schema.org","@graph":[{"@type":"WebPage","@id":"https:\/\/elpalomardejose.com\/ca\/sobre-jose\/","url":"https:\/\/elpalomardejose.com\/ca\/sobre-jose\/","name":"Sobre en Jose - El Palomar de Jose","isPartOf":{"@id":"https:\/\/elpalomardejose.com\/ca\/#website"},"primaryImageOfPage":{"@id":"https:\/\/elpalomardejose.com\/ca\/sobre-jose\/#primaryimage"},"image":{"@id":"https:\/\/elpalomardejose.com\/ca\/sobre-jose\/#primaryimage"},"thumbnailUrl":"https:\/\/elpalomardejose.com\/wp-content\/uploads\/Sobre-Jose.gif","datePublished":"2022-01-14T14:46:07+00:00","dateModified":"2022-03-08T12:53:54+00:00","breadcrumb":{"@id":"https:\/\/elpalomardejose.com\/ca\/sobre-jose\/#breadcrumb"},"inLanguage":"ca","potentialAction":[{"@type":"ReadAction","target":["https:\/\/elpalomardejose.com\/ca\/sobre-jose\/"]}]},{"@type":"ImageObject","inLanguage":"ca","@id":"https:\/\/elpalomardejose.com\/ca\/sobre-jose\/#primaryimage","url":"https:\/\/elpalomardejose.com\/wp-content\/uploads\/Sobre-Jose.gif","contentUrl":"https:\/\/elpalomardejose.com\/wp-content\/uploads\/Sobre-Jose.gif"},{"@type":"BreadcrumbList","@id":"https:\/\/elpalomardejose.com\/ca\/sobre-jose\/#breadcrumb","itemListElement":[{"@type":"ListItem","position":1,"name":"Portada","item":"https:\/\/elpalomardejose.com\/ca\/"},{"@type":"ListItem","position":2,"name":"Sobre en Jose"}]},{"@type":"WebSite","@id":"https:\/\/elpalomardejose.com\/ca\/#website","url":"https:\/\/elpalomardejose.com\/ca\/","name":"El Palomar de Jose","description":"Orientaci\u00f3n laboral y acad\u00e9mica y Consultor\u00eda de proyectos","publisher":{"@id":"https:\/\/elpalomardejose.com\/ca\/#\/schema\/person\/9af63279e69474050cad832775c28282"},"potentialAction":[{"@type":"SearchAction","target":{"@type":"EntryPoint","urlTemplate":"https:\/\/elpalomardejose.com\/ca\/?s={search_term_string}"},"query-input":{"@type":"PropertyValueSpecification","valueRequired":true,"valueName":"search_term_string"}}],"inLanguage":"ca"},{"@type":["Person","Organization"],"@id":"https:\/\/elpalomardejose.com\/ca\/#\/schema\/person\/9af63279e69474050cad832775c28282","name":"Jose Alonso","image":{"@type":"ImageObject","inLanguage":"ca","@id":"https:\/\/elpalomardejose.com\/wp-content\/uploads\/ElPalomar-AboutMe.png","url":"https:\/\/elpalomardejose.com\/wp-content\/uploads\/ElPalomar-AboutMe.png","contentUrl":"https:\/\/elpalomardejose.com\/wp-content\/uploads\/ElPalomar-AboutMe.png","width":768,"height":563,"caption":"Jose Alonso"},"logo":{"@id":"https:\/\/elpalomardejose.com\/wp-content\/uploads\/ElPalomar-AboutMe.png"},"sameAs":["https:\/\/elpalomardejose.com\/","https:\/\/www.facebook.com\/jota.alonso","https:\/\/www.instagram.com\/enelpalomar\/","https:\/\/www.linkedin.com\/in\/jose-alonso-represa-43193510\/","https:\/\/x.com\/enelpalomar"]}]}},"_links":{"self":[{"href":"https:\/\/elpalomardejose.com\/ca\/wp-json\/wp\/v2\/pages\/766","targetHints":{"allow":["GET"]}}],"collection":[{"href":"https:\/\/elpalomardejose.com\/ca\/wp-json\/wp\/v2\/pages"}],"about":[{"href":"https:\/\/elpalomardejose.com\/ca\/wp-json\/wp\/v2\/types\/page"}],"author":[{"embeddable":true,"href":"https:\/\/elpalomardejose.com\/ca\/wp-json\/wp\/v2\/users\/1"}],"replies":[{"embeddable":true,"href":"https:\/\/elpalomardejose.com\/ca\/wp-json\/wp\/v2\/comments?post=766"}],"version-history":[{"count":0,"href":"https:\/\/elpalomardejose.com\/ca\/wp-json\/wp\/v2\/pages\/766\/revisions"}],"wp:attachment":[{"href":"https:\/\/elpalomardejose.com\/ca\/wp-json\/wp\/v2\/media?parent=766"}],"curies":[{"name":"wp","href":"https:\/\/api.w.org\/{rel}","templated":true}]}}