{"id":770,"date":"2022-01-14T14:48:36","date_gmt":"2022-01-14T14:48:36","guid":{"rendered":"https:\/\/elpalomardejose.com\/tots-els-projectes-del-palomar\/"},"modified":"2022-02-02T19:17:27","modified_gmt":"2022-02-02T19:17:27","slug":"tots-els-projectes-del-palomar","status":"publish","type":"page","link":"https:\/\/elpalomardejose.com\/ca\/tots-els-projectes-del-palomar\/","title":{"rendered":"Tots els projectes del Palomar"},"content":{"rendered":"\t\t<div data-elementor-type=\"wp-page\" data-elementor-id=\"770\" class=\"elementor elementor-770 elementor-277\" data-elementor-post-type=\"page\">\n\t\t\t\t\t\t<section class=\"elementor-section elementor-top-section elementor-element elementor-element-6929981f elementor-section-boxed elementor-section-height-default elementor-section-height-default\" data-id=\"6929981f\" data-element_type=\"section\" data-e-type=\"section\" data-settings=\"{&quot;background_background&quot;:&quot;classic&quot;}\">\n\t\t\t\t\t\t<div class=\"elementor-container elementor-column-gap-wider\">\n\t\t\t\t\t<div class=\"elementor-column elementor-col-50 elementor-top-column elementor-element elementor-element-3a6714d6\" data-id=\"3a6714d6\" data-element_type=\"column\" data-e-type=\"column\">\n\t\t\t<div class=\"elementor-widget-wrap elementor-element-populated\">\n\t\t\t\t\t\t<div class=\"elementor-element elementor-element-8434fd1 elementor-widget elementor-widget-heading\" data-id=\"8434fd1\" data-element_type=\"widget\" data-e-type=\"widget\" data-widget_type=\"heading.default\">\n\t\t\t\t<div class=\"elementor-widget-container\">\n\t\t\t\t\t<h2 class=\"elementor-heading-title elementor-size-default\">Els Projectes del Palomar<\/h2>\t\t\t\t<\/div>\n\t\t\t\t<\/div>\n\t\t\t\t<div class=\"elementor-element elementor-element-0418c0c elementor-widget elementor-widget-spacer\" data-id=\"0418c0c\" data-element_type=\"widget\" data-e-type=\"widget\" data-widget_type=\"spacer.default\">\n\t\t\t\t<div class=\"elementor-widget-container\">\n\t\t\t\t\t\t\t<div class=\"elementor-spacer\">\n\t\t\t<div class=\"elementor-spacer-inner\"><\/div>\n\t\t<\/div>\n\t\t\t\t\t\t<\/div>\n\t\t\t\t<\/div>\n\t\t\t\t\t<\/div>\n\t\t<\/div>\n\t\t\t\t<div class=\"elementor-column elementor-col-50 elementor-top-column elementor-element elementor-element-4654ac1\" data-id=\"4654ac1\" data-element_type=\"column\" data-e-type=\"column\">\n\t\t\t<div class=\"elementor-widget-wrap elementor-element-populated\">\n\t\t\t\t\t\t<div class=\"elementor-element elementor-element-be0c1ce elementor-widget elementor-widget-wp-widget-categories\" data-id=\"be0c1ce\" data-element_type=\"widget\" data-e-type=\"widget\" data-widget_type=\"wp-widget-categories.default\">\n\t\t\t\t<div class=\"elementor-widget-container\">\n\t\t\t\t\t<h5>Categories:<\/h5><nav aria-label=\"Categories:\">\n\t\t\t<ul>\n\t\t\t\t\t<li class=\"cat-item cat-item-27\"><a href=\"https:\/\/elpalomardejose.com\/ca\/category\/projectes\/\">Projectes<\/a> (5)\n<\/li>\n\t\t\t<\/ul>\n\n\t\t\t<\/nav>\t\t\t\t<\/div>\n\t\t\t\t<\/div>\n\t\t\t\t\t<\/div>\n\t\t<\/div>\n\t\t\t\t\t<\/div>\n\t\t<\/section>\n\t\t\t\t<\/div>\n\t\t","protected":false},"excerpt":{"rendered":"<p>Els Projectes del Palomar<\/p>\n","protected":false},"author":1,"featured_media":0,"parent":0,"menu_order":0,"comment_status":"closed","ping_status":"closed","template":"","meta":{"footnotes":""},"class_list":["post-770","page","type-page","status-publish","hentry"],"yoast_head":"<!-- This site is optimized with the Yoast SEO plugin v27.4 - https:\/\/yoast.com\/product\/yoast-seo-wordpress\/ -->\n<title>Tots els projectes del Palomar - El Palomar de Jose<\/title>\n<meta name=\"robots\" content=\"index, follow, max-snippet:-1, max-image-preview:large, max-video-preview:-1\" \/>\n<link rel=\"canonical\" href=\"https:\/\/elpalomardejose.com\/ca\/tots-els-projectes-del-palomar\/\" \/>\n<meta property=\"og:locale\" content=\"ca_ES\" \/>\n<meta property=\"og:type\" content=\"article\" \/>\n<meta property=\"og:title\" content=\"Tots els projectes del Palomar - El Palomar de Jose\" \/>\n<meta property=\"og:description\" content=\"Els Projectes del Palomar\" \/>\n<meta property=\"og:url\" content=\"https:\/\/elpalomardejose.com\/ca\/tots-els-projectes-del-palomar\/\" \/>\n<meta property=\"og:site_name\" content=\"El Palomar de Jose\" \/>\n<meta property=\"article:publisher\" content=\"https:\/\/www.facebook.com\/jota.alonso\" \/>\n<meta property=\"article:modified_time\" content=\"2022-02-02T19:17:27+00:00\" \/>\n<meta name=\"twitter:card\" content=\"summary_large_image\" \/>\n<meta name=\"twitter:site\" content=\"@enelpalomar\" \/>\n<meta name=\"twitter:label1\" content=\"Temps estimat de lectura\" \/>\n\t<meta name=\"twitter:data1\" content=\"2 minuts\" \/>\n<script type=\"application\/ld+json\" class=\"yoast-schema-graph\">{\"@context\":\"https:\\\/\\\/schema.org\",\"@graph\":[{\"@type\":\"WebPage\",\"@id\":\"https:\\\/\\\/elpalomardejose.com\\\/ca\\\/tots-els-projectes-del-palomar\\\/\",\"url\":\"https:\\\/\\\/elpalomardejose.com\\\/ca\\\/tots-els-projectes-del-palomar\\\/\",\"name\":\"Tots els projectes del Palomar - El Palomar de Jose\",\"isPartOf\":{\"@id\":\"https:\\\/\\\/elpalomardejose.com\\\/ca\\\/#website\"},\"datePublished\":\"2022-01-14T14:48:36+00:00\",\"dateModified\":\"2022-02-02T19:17:27+00:00\",\"breadcrumb\":{\"@id\":\"https:\\\/\\\/elpalomardejose.com\\\/ca\\\/tots-els-projectes-del-palomar\\\/#breadcrumb\"},\"inLanguage\":\"ca\",\"potentialAction\":[{\"@type\":\"ReadAction\",\"target\":[\"https:\\\/\\\/elpalomardejose.com\\\/ca\\\/tots-els-projectes-del-palomar\\\/\"]}]},{\"@type\":\"BreadcrumbList\",\"@id\":\"https:\\\/\\\/elpalomardejose.com\\\/ca\\\/tots-els-projectes-del-palomar\\\/#breadcrumb\",\"itemListElement\":[{\"@type\":\"ListItem\",\"position\":1,\"name\":\"Portada\",\"item\":\"https:\\\/\\\/elpalomardejose.com\\\/ca\\\/\"},{\"@type\":\"ListItem\",\"position\":2,\"name\":\"Tots els projectes del Palomar\"}]},{\"@type\":\"WebSite\",\"@id\":\"https:\\\/\\\/elpalomardejose.com\\\/ca\\\/#website\",\"url\":\"https:\\\/\\\/elpalomardejose.com\\\/ca\\\/\",\"name\":\"El Palomar de Jose\",\"description\":\"Orientaci\u00f3n laboral y acad\u00e9mica y Consultor\u00eda de proyectos\",\"publisher\":{\"@id\":\"https:\\\/\\\/elpalomardejose.com\\\/ca\\\/#\\\/schema\\\/person\\\/9af63279e69474050cad832775c28282\"},\"potentialAction\":[{\"@type\":\"SearchAction\",\"target\":{\"@type\":\"EntryPoint\",\"urlTemplate\":\"https:\\\/\\\/elpalomardejose.com\\\/ca\\\/?s={search_term_string}\"},\"query-input\":{\"@type\":\"PropertyValueSpecification\",\"valueRequired\":true,\"valueName\":\"search_term_string\"}}],\"inLanguage\":\"ca\"},{\"@type\":[\"Person\",\"Organization\"],\"@id\":\"https:\\\/\\\/elpalomardejose.com\\\/ca\\\/#\\\/schema\\\/person\\\/9af63279e69474050cad832775c28282\",\"name\":\"Jose Alonso\",\"image\":{\"@type\":\"ImageObject\",\"inLanguage\":\"ca\",\"@id\":\"https:\\\/\\\/elpalomardejose.com\\\/wp-content\\\/uploads\\\/ElPalomar-AboutMe.png\",\"url\":\"https:\\\/\\\/elpalomardejose.com\\\/wp-content\\\/uploads\\\/ElPalomar-AboutMe.png\",\"contentUrl\":\"https:\\\/\\\/elpalomardejose.com\\\/wp-content\\\/uploads\\\/ElPalomar-AboutMe.png\",\"width\":768,\"height\":563,\"caption\":\"Jose Alonso\"},\"logo\":{\"@id\":\"https:\\\/\\\/elpalomardejose.com\\\/wp-content\\\/uploads\\\/ElPalomar-AboutMe.png\"},\"sameAs\":[\"https:\\\/\\\/elpalomardejose.com\\\/\",\"https:\\\/\\\/www.facebook.com\\\/jota.alonso\",\"https:\\\/\\\/www.instagram.com\\\/enelpalomar\\\/\",\"https:\\\/\\\/www.linkedin.com\\\/in\\\/jose-alonso-represa-43193510\\\/\",\"https:\\\/\\\/x.com\\\/enelpalomar\"]}]}<\/script>\n<!-- \/ Yoast SEO plugin. -->","yoast_head_json":{"title":"Tots els projectes del Palomar - El Palomar de Jose","robots":{"index":"index","follow":"follow","max-snippet":"max-snippet:-1","max-image-preview":"max-image-preview:large","max-video-preview":"max-video-preview:-1"},"canonical":"https:\/\/elpalomardejose.com\/ca\/tots-els-projectes-del-palomar\/","og_locale":"ca_ES","og_type":"article","og_title":"Tots els projectes del Palomar - El Palomar de Jose","og_description":"Els Projectes del Palomar","og_url":"https:\/\/elpalomardejose.com\/ca\/tots-els-projectes-del-palomar\/","og_site_name":"El Palomar de Jose","article_publisher":"https:\/\/www.facebook.com\/jota.alonso","article_modified_time":"2022-02-02T19:17:27+00:00","twitter_card":"summary_large_image","twitter_site":"@enelpalomar","twitter_misc":{"Temps estimat de lectura":"2 minuts"},"schema":{"@context":"https:\/\/schema.org","@graph":[{"@type":"WebPage","@id":"https:\/\/elpalomardejose.com\/ca\/tots-els-projectes-del-palomar\/","url":"https:\/\/elpalomardejose.com\/ca\/tots-els-projectes-del-palomar\/","name":"Tots els projectes del Palomar - El Palomar de Jose","isPartOf":{"@id":"https:\/\/elpalomardejose.com\/ca\/#website"},"datePublished":"2022-01-14T14:48:36+00:00","dateModified":"2022-02-02T19:17:27+00:00","breadcrumb":{"@id":"https:\/\/elpalomardejose.com\/ca\/tots-els-projectes-del-palomar\/#breadcrumb"},"inLanguage":"ca","potentialAction":[{"@type":"ReadAction","target":["https:\/\/elpalomardejose.com\/ca\/tots-els-projectes-del-palomar\/"]}]},{"@type":"BreadcrumbList","@id":"https:\/\/elpalomardejose.com\/ca\/tots-els-projectes-del-palomar\/#breadcrumb","itemListElement":[{"@type":"ListItem","position":1,"name":"Portada","item":"https:\/\/elpalomardejose.com\/ca\/"},{"@type":"ListItem","position":2,"name":"Tots els projectes del Palomar"}]},{"@type":"WebSite","@id":"https:\/\/elpalomardejose.com\/ca\/#website","url":"https:\/\/elpalomardejose.com\/ca\/","name":"El Palomar de Jose","description":"Orientaci\u00f3n laboral y acad\u00e9mica y Consultor\u00eda de proyectos","publisher":{"@id":"https:\/\/elpalomardejose.com\/ca\/#\/schema\/person\/9af63279e69474050cad832775c28282"},"potentialAction":[{"@type":"SearchAction","target":{"@type":"EntryPoint","urlTemplate":"https:\/\/elpalomardejose.com\/ca\/?s={search_term_string}"},"query-input":{"@type":"PropertyValueSpecification","valueRequired":true,"valueName":"search_term_string"}}],"inLanguage":"ca"},{"@type":["Person","Organization"],"@id":"https:\/\/elpalomardejose.com\/ca\/#\/schema\/person\/9af63279e69474050cad832775c28282","name":"Jose Alonso","image":{"@type":"ImageObject","inLanguage":"ca","@id":"https:\/\/elpalomardejose.com\/wp-content\/uploads\/ElPalomar-AboutMe.png","url":"https:\/\/elpalomardejose.com\/wp-content\/uploads\/ElPalomar-AboutMe.png","contentUrl":"https:\/\/elpalomardejose.com\/wp-content\/uploads\/ElPalomar-AboutMe.png","width":768,"height":563,"caption":"Jose Alonso"},"logo":{"@id":"https:\/\/elpalomardejose.com\/wp-content\/uploads\/ElPalomar-AboutMe.png"},"sameAs":["https:\/\/elpalomardejose.com\/","https:\/\/www.facebook.com\/jota.alonso","https:\/\/www.instagram.com\/enelpalomar\/","https:\/\/www.linkedin.com\/in\/jose-alonso-represa-43193510\/","https:\/\/x.com\/enelpalomar"]}]}},"_links":{"self":[{"href":"https:\/\/elpalomardejose.com\/ca\/wp-json\/wp\/v2\/pages\/770","targetHints":{"allow":["GET"]}}],"collection":[{"href":"https:\/\/elpalomardejose.com\/ca\/wp-json\/wp\/v2\/pages"}],"about":[{"href":"https:\/\/elpalomardejose.com\/ca\/wp-json\/wp\/v2\/types\/page"}],"author":[{"embeddable":true,"href":"https:\/\/elpalomardejose.com\/ca\/wp-json\/wp\/v2\/users\/1"}],"replies":[{"embeddable":true,"href":"https:\/\/elpalomardejose.com\/ca\/wp-json\/wp\/v2\/comments?post=770"}],"version-history":[{"count":0,"href":"https:\/\/elpalomardejose.com\/ca\/wp-json\/wp\/v2\/pages\/770\/revisions"}],"wp:attachment":[{"href":"https:\/\/elpalomardejose.com\/ca\/wp-json\/wp\/v2\/media?parent=770"}],"curies":[{"name":"wp","href":"https:\/\/api.w.org\/{rel}","templated":true}]}}